{"id":78,"date":"2023-09-25T12:20:27","date_gmt":"2023-09-25T10:20:27","guid":{"rendered":"http:\/\/www.mcfund.cz?page_id=78"},"modified":"2026-02-04T14:45:31","modified_gmt":"2026-02-04T13:45:31","slug":"download","status":"publish","type":"page","link":"https:\/\/www.mcfund.cz\/en\/download\/","title":{"rendered":"Download"},"content":{"rendered":"\n<p>The documents are only available in the Czech language.<\/p>\n\n\n\n<h2 class=\"wp-block-heading\">Founding documents<\/h2>\n\n\n\n<div class=\"wp-block-file\"><a id=\"wp-block-file--media-aed68966-e3cd-4473-bdfb-620103ac270f\" href=\"https:\/\/www.mcfund.cz\/wp-content\/uploads\/2023\/11\/vypis-1207880.pdf\" target=\"_blank\" rel=\"noreferrer noopener\">V\u00fdpis z obchodn\u00edho rejst\u0159\u00edku<\/a><\/div>\n\n\n\n<div class=\"wp-block-file\"><a id=\"wp-block-file--media-e83adf92-4ea0-456b-a826-09438e6f51f5\" href=\"https:\/\/www.mcfund.cz\/wp-content\/uploads\/2023\/10\/2_2023_074107_CNB_570_AMISTA_IS_Vyrozumeni_o_zapisu_Mezzanine_Capital_Fund_SICAV-konverze.pdf\" target=\"_blank\" rel=\"noreferrer noopener\">Licence \u010cNB pro Mezzanine Capital Fund SICAV<\/a><\/div>\n\n\n\n<div class=\"wp-block-file\"><a id=\"wp-block-file--media-8696625f-d0d3-4ba4-a645-29b8a5b8f237\" href=\"https:\/\/www.mcfund.cz\/wp-content\/uploads\/2023\/10\/2023_086998_CNB_570_Mezzanine_Capital_Fund_SICAV_a.s._Podfond_Loan_zapis-konverze.pdf\" target=\"_blank\" rel=\"noreferrer noopener\">Licence \u010cNB pro Mezzanine Capital Fund SICAV, Podfond Loan<\/a><\/div>\n\n\n\n<div class=\"wp-block-file\"><a id=\"wp-block-file--media-11395502-cf9d-40a6-b119-fecf45d6d3da\" href=\"https:\/\/www.mcfund.cz\/wp-content\/uploads\/2025\/09\/2025-08-27_Statut_Mezzanine-Capital-Fund-SICAV-a.s.-P.pdf\" target=\"_blank\" rel=\"noreferrer noopener\">Statut Mezzanine Capital Fund SICAV<\/a><\/div>\n\n\n\n<div class=\"wp-block-file\"><a id=\"wp-block-file--media-c90206d4-515e-42fb-8605-4020d9470258\" href=\"https:\/\/www.mcfund.cz\/wp-content\/uploads\/2025\/09\/2025-08-27_Statut_Mezzanine-Capital-Fund-SICAV-a.s._podfond-Loan-P.pdf\" target=\"_blank\" rel=\"noreferrer noopener\">Statut Mezzanine Capital Fund SICAV, Podfond Loan<\/a><\/div>\n\n\n\n<h2 class=\"wp-block-heading\">Basic information about the fund<\/h2>\n\n\n\n<div class=\"wp-block-file\"><a id=\"wp-block-file--media-9b3cab09-3502-4941-8739-18ff5e591f2f\" href=\"https:\/\/www.mcfund.cz\/wp-content\/uploads\/2026\/02\/Factsheet.pdf\" target=\"_blank\" rel=\"noreferrer noopener\">Z\u00e1kladn\u00ed informace o fondu<\/a><\/div>\n\n\n\n<div class=\"wp-block-file\"><a id=\"wp-block-file--media-fc879b3f-62d7-43c9-82c6-b56a5ca10ae7\" href=\"https:\/\/www.mcfund.cz\/wp-content\/uploads\/2025\/09\/MC-Loan-Fund-prezentace.pdf\">Prezentace fondu<\/a><\/div>\n\n\n\n<h2 class=\"wp-block-heading\">Public offer to subscribe for investment shares<\/h2>\n\n\n\n<div class=\"wp-block-file\"><a id=\"wp-block-file--media-3ed44a53-0f66-459a-95ee-b637b051da72\" href=\"https:\/\/www.mcfund.cz\/wp-content\/uploads\/2023\/11\/2023-06-30_Mezzanine-Loan_Vyzva-k-upisu-trida-A.pdf\" target=\"_blank\" rel=\"noreferrer noopener\">Vy\u0301zva k u\u0301pisu tr\u030ci\u0301da A<\/a><\/div>\n\n\n\n<div class=\"wp-block-file\"><a id=\"wp-block-file--media-b9e4add2-881d-4112-a0a7-e53bbb4cbd48\" href=\"https:\/\/www.mcfund.cz\/wp-content\/uploads\/2023\/11\/2023-06-30_MEzzanine-Capital_Vyzva-k-upisu-trida-B.pdf\" target=\"_blank\" rel=\"noreferrer noopener\">Vy\u0301zva k u\u0301pisu tr\u030ci\u0301da B<\/a><\/div>\n\n\n\n<div class=\"wp-block-file\"><a id=\"wp-block-file--media-0c68e559-7924-4b52-b4da-36dd3996ab40\" href=\"https:\/\/www.mcfund.cz\/wp-content\/uploads\/2025\/06\/2024-12-31-sdeleni-klicovych-informaci-tr.a.pdf\" target=\"_blank\" rel=\"noreferrer noopener\">PRIIPS t\u0159\u00edda A<\/a><\/div>\n\n\n\n<div class=\"wp-block-file\"><a id=\"wp-block-file--media-7c1f2fb3-a5cc-4c56-aa69-4c97b739f918\" href=\"https:\/\/www.mcfund.cz\/wp-content\/uploads\/2025\/06\/2024-12-31-sdeleni-klicovych-informaci-tr.b.pdf\" target=\"_blank\" rel=\"noreferrer noopener\">PRIIPS t\u0159\u00edda B<\/a><\/div>\n\n\n\n<h2 class=\"wp-block-heading\">Investment reports<\/h2>\n\n\n\n<div class=\"wp-block-file\"><a id=\"wp-block-file--media-ca85618e-87c1-4665-8d09-286f688676c6\" href=\"https:\/\/www.mcfund.cz\/wp-content\/uploads\/2025\/11\/MEZPOD_investicni-report_09_25.pdf\" target=\"_blank\" rel=\"noreferrer noopener\">MEZPOD_investi\u010dn\u00ed report_09_25<\/a><\/div>\n\n\n\n<div class=\"wp-block-file\"><a id=\"wp-block-file--media-fe06fcab-5ffe-48c1-8232-df8c12ee808e\" href=\"https:\/\/www.mcfund.cz\/wp-content\/uploads\/2025\/09\/MEZPOD_investicni-report_06_25.pdf\" target=\"_blank\" rel=\"noreferrer noopener\">MEZPOD_investi\u010dn\u00ed report_06_25<\/a><\/div>\n\n\n\n<div class=\"wp-block-file\"><a id=\"wp-block-file--media-66542cbf-c256-43f5-a0fe-97e092dfcf39\" href=\"https:\/\/www.mcfund.cz\/wp-content\/uploads\/2025\/06\/MEZPOD_investicni-report_03_25.pdf\" target=\"_blank\" rel=\"noreferrer noopener\">MEZPOD_investi\u010dn\u00ed report_03_25<\/a><\/div>\n\n\n\n<div class=\"wp-block-file\"><a id=\"wp-block-file--media-13a77810-7ce7-4cb0-a88f-b2cd1675e5fd\" href=\"https:\/\/www.mcfund.cz\/wp-content\/uploads\/2025\/05\/MEZPOD_investicni-report_12_24.pdf\" target=\"_blank\" rel=\"noreferrer noopener\">MEZPOD_investic\u030cni\u0301 report_12_24<\/a><\/div>\n\n\n\n<div class=\"wp-block-file\"><a id=\"wp-block-file--media-abc90d5c-5b5b-4649-aade-a12a55d0e06c\" href=\"https:\/\/www.mcfund.cz\/wp-content\/uploads\/2025\/05\/MEZPOD_investicni-report_09_2024.pdf\" target=\"_blank\" rel=\"noreferrer noopener\">MEZPOD_investic\u030cni\u0301 report_09_24<\/a><\/div>\n\n\n\n<div class=\"wp-block-file\"><a id=\"wp-block-file--media-19035c59-0065-48b2-8690-a96c96d82384\" href=\"https:\/\/www.mcfund.cz\/wp-content\/uploads\/2025\/05\/MEZPOD_investicni_report_06_2024.pdf\" target=\"_blank\" rel=\"noreferrer noopener\">MEZPOD_investic\u030cni\u0301 report_06_24<\/a><\/div>\n\n\n\n<div class=\"wp-block-file\"><a id=\"wp-block-file--media-c4244a7f-05b9-4711-8cc5-037ad99e920d\" href=\"https:\/\/www.mcfund.cz\/wp-content\/uploads\/2025\/05\/MEZPOD_investicni_report_03_2024.pdf\" target=\"_blank\" rel=\"noreferrer noopener\">MEZPOD_investic\u030cni\u0301 report_03_24<\/a><\/div>\n\n\n\n<h2 class=\"wp-block-heading\">Annual reports<\/h2>\n\n\n\n<div class=\"wp-block-file\"><a id=\"wp-block-file--media-98d21937-0bf0-48af-967a-8386116a3d7e\" href=\"https:\/\/www.mcfund.cz\/wp-content\/uploads\/2025\/06\/Vyrocni-zprava-Mezzanine-Capital-SICAV-2024-zprava-auditora.pdf\" target=\"_blank\" rel=\"noreferrer noopener\">V\u00fdro\u010dn\u00ed finan\u010dn\u00ed zpr\u00e1va Mezzanine Capital Fund SICAV, a.s., za obdob\u00ed od 1. 1. 2024 do 31. 12. 2024<\/a><\/div>\n\n\n\n<div class=\"wp-block-file\"><a id=\"wp-block-file--media-e20ef718-5a60-4603-8e67-58866f2f6d87\" href=\"https:\/\/www.mcfund.cz\/wp-content\/uploads\/2025\/06\/Vyrocni-zprava-Mezzanine-Capital-podfond-Loan-2024-zprava-auditora.pdf\" target=\"_blank\" rel=\"noreferrer noopener\">V\u00fdro\u010dn\u00ed finan\u010dn\u00ed zpr\u00e1va Mezzanine Capital Fund SICAV, a.s., Podfond Loan za obdob\u00ed od 1. 1. 2024 do 31. 12. 2024<\/a><\/div>\n\n\n\n<div class=\"wp-block-file\"><a id=\"wp-block-file--media-03a7f961-5a33-45f9-ba17-53d2b2d4b42b\" href=\"https:\/\/www.mcfund.cz\/wp-content\/uploads\/2024\/06\/VZ-MEZZANINE-2023-zprava-auditora-p.pdf\" target=\"_blank\" rel=\"noreferrer noopener\">V\u00fdro\u010dn\u00ed finan\u010dn\u00ed zpr\u00e1va Mezzanine Capital Fund SICAV, a.s., za obdob\u00ed od 30. 6. 2023 do 31. 12. 2023<\/a><\/div>\n\n\n\n<div class=\"wp-block-file\"><a id=\"wp-block-file--media-f34a151f-9af3-4600-bb9f-3105a9a379e8\" href=\"https:\/\/www.mcfund.cz\/wp-content\/uploads\/2024\/06\/VZ_MEZLOA_2023-Podfond-zprava-auditora-p.pdf\" target=\"_blank\" rel=\"noreferrer noopener\">V\u00fdro\u010dn\u00ed finan\u010dn\u00ed zpr\u00e1va Mezzanine Capital Fund SICAV, a.s., Podfond Loan za obdob\u00ed od 30. 6. 2023 do 31. 12. 2023<\/a><\/div>\n\n\n\n<p><\/p>\n","protected":false},"excerpt":{"rendered":"<p>The documents are only available in the Czech language. Founding documents Basic information about the fund Public offer to subscribe for investment shares Investment reports Annual reports<\/p>\n","protected":false},"author":1,"featured_media":0,"parent":0,"menu_order":0,"comment_status":"closed","ping_status":"closed","template":"page-ke-stazeni.php","meta":{"_acf_changed":false,"inline_featured_image":false,"_monsterinsights_skip_tracking":false,"_monsterinsights_sitenote_active":false,"_monsterinsights_sitenote_note":"","_monsterinsights_sitenote_category":0,"footnotes":""},"class_list":["post-78","page","type-page","status-publish","hentry"],"acf":[],"aioseo_notices":[],"_links":{"self":[{"href":"https:\/\/www.mcfund.cz\/en\/wp-json\/wp\/v2\/pages\/78","targetHints":{"allow":["GET"]}}],"collection":[{"href":"https:\/\/www.mcfund.cz\/en\/wp-json\/wp\/v2\/pages"}],"about":[{"href":"https:\/\/www.mcfund.cz\/en\/wp-json\/wp\/v2\/types\/page"}],"author":[{"embeddable":true,"href":"https:\/\/www.mcfund.cz\/en\/wp-json\/wp\/v2\/users\/1"}],"replies":[{"embeddable":true,"href":"https:\/\/www.mcfund.cz\/en\/wp-json\/wp\/v2\/comments?post=78"}],"version-history":[{"count":14,"href":"https:\/\/www.mcfund.cz\/en\/wp-json\/wp\/v2\/pages\/78\/revisions"}],"predecessor-version":[{"id":804,"href":"https:\/\/www.mcfund.cz\/en\/wp-json\/wp\/v2\/pages\/78\/revisions\/804"}],"wp:attachment":[{"href":"https:\/\/www.mcfund.cz\/en\/wp-json\/wp\/v2\/media?parent=78"}],"curies":[{"name":"wp","href":"https:\/\/api.w.org\/{rel}","templated":true}]}}